{"id":7,"date":"2022-08-18T16:41:59","date_gmt":"2022-08-18T16:41:59","guid":{"rendered":"https:\/\/damburi.altora.ro\/?page_id=7"},"modified":"2022-08-25T16:01:48","modified_gmt":"2022-08-25T16:01:48","slug":"home","status":"publish","type":"page","link":"https:\/\/damburi.altora.ro\/","title":{"rendered":"La damburi"},"content":{"rendered":"\n<div class=\"wp-block-group\"><div class=\"wp-block-group__inner-container is-layout-flow wp-block-group-is-layout-flow\">\n<h1 class=\"has-text-align-center wp-block-heading\"><strong><strong>PERIMETRUL ALTORA<\/strong><\/strong><\/h1>\n\n\n\n<h1 class=\"has-text-align-center wp-block-heading\"><strong>TERMENI SI CONDITII<\/strong><\/h1>\n\n\n\n<p><strong>1. Definitii si Termeni<\/strong><\/p>\n\n\n\n<p>Organizatorul&nbsp;este&nbsp;societatea&nbsp;RIO TUTUNGERIE SRL, persoana juridica romana, cu sediul social in municipiul Satu&nbsp;Mare, strada Stefan cel Mare, nr.22, Bl.26, ap.17, judetul Satu Mare, inregistrata la Registrul Comertului sub nr.J30\/651\/2016, avand Cod de Inregistrare Fiscala RO 36305839 si care este responsabila de Perimetrul Altora.<\/p>\n\n\n\n<p><strong>Eveniment<\/strong>\u00a0\u2013 reprezinta activitatea din zona \u201cLa Damburi\u201d ce are loc in Romania, municipiul Satu Mare, Cartier Micro 17, parcul UFO, judetul Satu Mare, in perioada 26.08.2022 \u2013 27.08.2022<\/p>\n\n\n\n<p><strong>Perimetrul Altora<\/strong> \u2013 reprezinta un spatiu delimitat in cadrul festivalului \u201cLa Damburi\u201d in suprafata caruia Participantii pot fi serviti cu si au permisiunea de a consuma bauturi alcoolice si produse din tutun.<\/p>\n\n\n\n<p><strong>Participant<\/strong> \u2013 poate fi orice persoana fizica care are varsta de +18 ani.<\/p>\n\n\n\n<p><strong>QR code<\/strong> \u2013 reprezinta prescurtarea de la Quick Response Code, \u00een traducere, ar fi cod r\u0103spuns rapid. Cu ajutorul codurilor QR se pot stoca cantit\u0103\u021bi de date \u0219i\u00a0prin scanarea QR, utilizatorul are acces la anumite informa\u021bii foarte rapid \u2013 de aici \u0219i denumirea de cod de r\u0103spuns rapid.<\/p>\n\n\n\n<p>2. Participantii&nbsp;acestui site sunt rugati sa citeasca cu atentie termenii si conditiile de utilizare. Pentru utilizarea in cele mai bune conditii a acestui sitei web, care este detinut si administrat de RIO TUTUNGERIE SRL, se recomanda citirea cu atentie a termenilor si conditiilor de mai jos. Administratorii acestui site isi rezerva dreptul de a modifica termenii si conditiile oricand, fara nici un preaviz sau notificare. De aceea, va rugam sa reveniti pe aceasta pagina de fiecare data cand utilizati site-ul. In acest sens va informam ca fiecare accesare a site-ului reprezinta o acceptare expresa a termenilor si conditiilor de utilizare. Vizitarea si utilizarea acestui site se pot face numai daca sunteti de acord cu aceste conditii de utilizare. In cazul in care nu sunteti de acord cu acesti termeni si conditii, va rugam sa incetati sa mai accesati sau sa folositi in orice fel site-ul https:\/\/damburi.altora.ro\/.<br>&nbsp;<\/p>\n\n\n\n<p><strong>3. Securitatea Datelor Personale si Politica de Confidentialitate<\/strong><\/p>\n\n\n\n<p>Va informam ca, in conformitate cu&nbsp;Regulamentul (UE) 2016\/679&nbsp;si legea nr.506\/2004 privind prelucrarea datelor cu caracter personal si protectia vietii private in sectorul comunicatiilor electronice, www.damburi.altora.ro are obligatia de a prelucra in conditii de siguranta si numai pentru scopurile specificate datele personale furnizate de participanti, informatiile referitoare la numele si prenumele, telefon, instantanee fotografice, filmari video privind participantul.&nbsp;Noi aplicam masuri de securitate stricte pentru protejarea datelor gestionate, precum si pentru a ne asigura ca aceste date nu sunt pierdute, expuse, alterate sau folosite in alte scopuri decat cele normale. De asemenea garantam ca datele nu vor fi vandute niciunei terte parti. Aceste informatii,&nbsp;filmari\/poze\/videoclipuri&nbsp;vor putea fi folosite de catre noi, pentru promovarea noastra in mediul online. Noi nu va solicitam informatii confidentiale, date despre conturi bancare, parole personale, etc. In unele cazuri, este posibil ca www.damburi.altora.ro&nbsp;sa colecteze informatii cu caracter non-personal despre participanti. Exemple de informatii de acest tip sunt: tipul de browser folosit, sistemul de operare al telefonului folosit si numele domeniului website-ului de unde a fost facute conexiunea la site.<\/p>\n\n\n\n<p><strong>4. Declaratii ale participantului<\/strong><\/p>\n\n\n\n<p>Subsemnatul\/subsemnata participant prin prezenta declar in mod expres ca sunt de acord cu participarea in cadrul Perimetrului Altora,&nbsp;cunsocand riscurile la care ma expun.&nbsp;Confirm ca detin conditia si capacitatea fizica si psihica sa particip la aceasta activitate.&nbsp;Sunt de acord ca aceasta activitate sa fie filmata si\/sau fotografiata de angajatii sau prepusii Organizatorului, iar materialele astfel inregistrate sa fie folosite de Organizator in social media, fara nicio&nbsp;pretentie din partea subsemnatului\/ei, ele urmand a fi postate&nbsp;in mediul online de tip Facebook, WhatsApp, Instagram,&nbsp;TikTok si altele asemenea&nbsp;(acestea nefiind limitativ prevazute) sau pe site-uri proprii ale Organizatorului sau a partenerilor.&nbsp;Inteleg pe deplin faptul ca aceste fotografii si\/sau inregistrati video\/audio&nbsp;ori colaje ale acestora, asadar continutul media&nbsp;va&nbsp;putea reprezenta materiale publicitare sau nepublicitare pentru societatea Organizatoare&nbsp;sau partenerii si colaboratorii lui, Organizatorul avand un drept discretionar de a le utiliza, prin publicarea continutului media in orice mijloace media sau pe suport de hartie,&nbsp;spoturi publicitare, bannere, ziare, afise, postarea pe site-uri proprii, ale partenerior sau ale unor terti, pe orice site de socializare.&nbsp;Subsemnatul\/a declar ca am peste 18 ani si mi-au fost explicate toate si oricare riscuri la care ma expun prin participarea la activitatea descrisa mai sus si exonerez Organizatorul de orice raspundere ca urmare a intrarii subsemnatului\/subsemnatei in perimetrul Organizatorului sau ca urmare a&nbsp;participarii mele in Perimetrul Altora.&nbsp;Cunoscand prevederile Legii nr.8\/1996, privind drepturile de autor si drepturile conexe si continutul prezentului acord,&nbsp;imi iau angajamentul irevocabil de a oferi&nbsp;Organizatorului&nbsp;libertate deplina si exclusiva in utilizarea&nbsp;tuturor instantaneelor fotografice,&nbsp;inregistrarilor audio\/video, continutului media&nbsp;in care subsemnatul\/subsemnata&nbsp;figurez, Organizatorul putand sa le promoveze in orice mijloace media, fara o durata de timp determinata, fara plata niciunei alte compensatii \/ bonusuri \/ remuneratii \/ taxe&nbsp;\/ indemnizatii \/ contributii \/ comisioane&nbsp;si fara a se limita la : publicatii, ziare, pliante, afise, site-uri, retele de socializare,&nbsp;online, etc., putand sa le reproduca, sa efectuezee copii, putand sa le incarce promoveze in cadrul retelelor de socializare de tip Facebook,&nbsp;WhatsApp, Instagram,&nbsp;TikTok sau altele asemenea. De asemenea inteleg faptul ca nu voi putea solicita Organizatorului sa blureze in tot sau in parte imagini filmate la Eveniment si in cadrul Perimetrului Altora. In cazul in care subsemnatul\/subsemnata ma aflu sub influenta bauturilor alcoolice\/vadita stare de ebrietate sau sub influenta unor substante interzise, ori daca sunt recalcitrant, aduc prejudicii Organizatorului si\/sau deranjez prin comportamnentul meu evenimentul sau pe ceilalti participanti, in mod expres sunt de acord&nbsp;sa fiu exclus din perimetrul in care opereaza Organizatorul. De asemenea, daca declar ca am varsta de 18 ani, insa nu o pot dovedi si la nivel de aparenta Organizatorul apreciaza ca nu detin varsta necesara, in mod expres sunt de acord&nbsp;sa fiu exclus din perimetrul in care opereaza Organizatorul.<\/p>\n\n\n\n<p><strong>5. Raspunderea www.damburi.altora.ro<\/strong><\/p>\n\n\n\n<p>www.damburi.altora.ro&nbsp;societatea&nbsp;RIO TUTUNGERIE SRL&nbsp;nu poate fi responsabila pentru daune de orice fel pe care participantul&nbsp;o poate suferi ca rezultat al participarii la eveniment si in cadrul Perimetrului Altora.&nbsp;Noi nu incurajam consumul de produse alcoolice sau de tutun si\/sau derivatele acestora.<\/p>\n\n\n\n<p>Va recomandam s\u0103 renun\u021bati la fumat sau la consumul de alcool,&nbsp;daca o faceti deja,&nbsp;pentru a va p\u0103stra s\u0103n\u0103tatea \u0219i a putea fi o perioad\u0103 c\u00e2t mai \u00eendelungat\u0103 al\u0103turi de cei dragi. Banii economisi\u021bi din renun\u021barea la consumul de tutun\/alcool, ati putea s\u0103 \u00eei cheltuiti pentru a se bucura de \u201eo ie\u0219ire cu familia sau de o carte bun\u0103 ori la alte evenimente\/activitati\/sporturi in care sunteti implicati. Fumatul si consumul de alcool dauneaza grav sanatatii. Participarea in Perimtrul Altora este accesibila tuturor persoanelor fizice, indiferent de nationalitate, domiciliu, rasa, sex sau religie, care respecta conditiile prezentelor&nbsp;Termene si Conditii&nbsp;si care urmeaza indicatiile prezente pentru a-si valida participarea. Dreptul de participare in cadrul Perimetrului Altora&nbsp;apartine exclusiv participantului care indeplineste conditiile aici descrise. Dreptul de participare este anulat automat in situatia in care o persoana furnizeaza date sau informatii false, eronate sau necorespunzatoare in completarea datelor personale.<\/p>\n\n\n\n<p><strong>6. Forta Majora<\/strong><\/p>\n\n\n\n<p>Nici una din parti nu va fi raspunzatoare pentru neexecutarea obligatiilor sale contractuale, daca o astfel de neexecutare este datorata unui eveniment de forta majora, in conformitate cu legislatia in vigoare.<\/p>\n\n\n\n<p><strong>7. Legea Aplicabila \u2013 Jurisdictia<\/strong><\/p>\n\n\n\n<p>Contractul este supus legii romane. Eventualele litigii aparute intre www.damburi.altora.ro&nbsp;si participant se vor rezolva pe cale amiabila sau, in cazul in care aceasta nu va fi posibila, litigiile vor fi solutionate de instantele judecatoresti romane competente de la sediul RIO TUTUNGERIE SRL.Subsemnatul participant declar ca am citit intreg continutul prezentelor Termeni si Conditii si in mod expres ma declar de acord cu continutul acestora.<\/p>\n<\/div><\/div>\n\n\n\n<div class=\"wp-block-contact-form-7-contact-form-selector\"><div role=\"form\" class=\"wpcf7\" id=\"wpcf7-f85-o1\" lang=\"ro-RO\" dir=\"ltr\">\n<div class=\"screen-reader-response\"><p role=\"status\" aria-live=\"polite\" aria-atomic=\"true\"><\/p> <ul><\/ul><\/div>\n<form action=\"\/index.php?rest_route=%2Fwp%2Fv2%2Fpages%2F7#wpcf7-f85-o1\" method=\"post\" class=\"wpcf7-form init wpcf7-acceptance-as-validation\" novalidate=\"novalidate\" data-status=\"init\">\n<div style=\"display: none;\">\n<input type=\"hidden\" name=\"_wpcf7\" value=\"85\" \/>\n<input type=\"hidden\" name=\"_wpcf7_version\" value=\"5.6.2\" \/>\n<input type=\"hidden\" name=\"_wpcf7_locale\" value=\"ro_RO\" \/>\n<input type=\"hidden\" name=\"_wpcf7_unit_tag\" value=\"wpcf7-f85-o1\" \/>\n<input type=\"hidden\" name=\"_wpcf7_container_post\" value=\"0\" \/>\n<input type=\"hidden\" name=\"_wpcf7_posted_data_hash\" value=\"\" \/>\n<\/div>\n<p><label> Numele t\u0103u<br \/>\n<span class=\"wpcf7-form-control-wrap\" data-name=\"your-name\"><input type=\"text\" name=\"your-name\" value=\"\" size=\"40\" class=\"wpcf7-form-control wpcf7-text wpcf7-validates-as-required\" aria-required=\"true\" aria-invalid=\"false\" \/><\/span><\/label><\/p>\n<p><label> Prenumele t\u0103u<br \/>\n<span class=\"wpcf7-form-control-wrap\" data-name=\"your-name2\"><input type=\"text\" name=\"your-name2\" value=\"\" size=\"40\" class=\"wpcf7-form-control wpcf7-text wpcf7-validates-as-required\" aria-required=\"true\" aria-invalid=\"false\" \/><\/span><\/label><\/p>\n<p><label> Adresa ta de email<br \/>\n<span class=\"wpcf7-form-control-wrap\" data-name=\"your-email\"><input type=\"email\" name=\"your-email\" value=\"\" size=\"40\" class=\"wpcf7-form-control wpcf7-text wpcf7-email wpcf7-validates-as-email\" aria-invalid=\"false\" \/><\/span> <\/label><\/p>\n<p><span class=\"wpcf7-form-control-wrap\" data-name=\"terms-and-conditions\"><span class=\"wpcf7-form-control wpcf7-acceptance\"><span class=\"wpcf7-list-item\"><label><input type=\"checkbox\" name=\"terms-and-conditions\" value=\"1\" aria-invalid=\"false\" \/><span class=\"wpcf7-list-item-label\">Am citit \u015fi sunt de acord cu termenii si conditiile de mai sus.<\/span><\/label><\/span><\/span><\/span><\/p>\n<p><input type=\"submit\" value=\"Accept\" class=\"wpcf7-form-control has-spinner wpcf7-submit\" \/><\/p>\n<div class=\"wpcf7-response-output\" aria-hidden=\"true\"><\/div><\/form><\/div><\/div>\n","protected":false},"excerpt":{"rendered":"<p>PERIMETRUL ALTORA TERMENI SI CONDITII 1. Definitii si Termeni Organizatorul&nbsp;este&nbsp;societatea&nbsp;RIO TUTUNGERIE SRL, persoana juridica romana, cu sediul social in municipiul Satu&nbsp;Mare, strada Stefan cel Mare, nr.22, Bl.26, ap.17, judetul Satu Mare, inregistrata la Registrul Comertului sub nr.J30\/651\/2016, avand Cod de Inregistrare Fiscala RO 36305839 si care este responsabila de Perimetrul Altora. Eveniment\u00a0\u2013 reprezinta activitatea din&hellip;&nbsp;<a href=\"https:\/\/damburi.altora.ro\/\" class=\"\" rel=\"bookmark\">Cite\u0219te mai mult &raquo;<span class=\"screen-reader-text\">La damburi<\/span><\/a><\/p>\n","protected":false},"author":1,"featured_media":0,"parent":0,"menu_order":0,"comment_status":"closed","ping_status":"closed","template":"","meta":{"neve_meta_sidebar":"","neve_meta_container":"","neve_meta_enable_content_width":"","neve_meta_content_width":0,"neve_meta_title_alignment":"","neve_meta_author_avatar":"","neve_post_elements_order":"","neve_meta_disable_header":"","neve_meta_disable_footer":"","neve_meta_disable_title":"","footnotes":""},"class_list":["post-7","page","type-page","status-publish","hentry"],"_links":{"self":[{"href":"https:\/\/damburi.altora.ro\/index.php?rest_route=\/wp\/v2\/pages\/7","targetHints":{"allow":["GET"]}}],"collection":[{"href":"https:\/\/damburi.altora.ro\/index.php?rest_route=\/wp\/v2\/pages"}],"about":[{"href":"https:\/\/damburi.altora.ro\/index.php?rest_route=\/wp\/v2\/types\/page"}],"author":[{"embeddable":true,"href":"https:\/\/damburi.altora.ro\/index.php?rest_route=\/wp\/v2\/users\/1"}],"replies":[{"embeddable":true,"href":"https:\/\/damburi.altora.ro\/index.php?rest_route=%2Fwp%2Fv2%2Fcomments&post=7"}],"version-history":[{"count":13,"href":"https:\/\/damburi.altora.ro\/index.php?rest_route=\/wp\/v2\/pages\/7\/revisions"}],"predecessor-version":[{"id":272,"href":"https:\/\/damburi.altora.ro\/index.php?rest_route=\/wp\/v2\/pages\/7\/revisions\/272"}],"wp:attachment":[{"href":"https:\/\/damburi.altora.ro\/index.php?rest_route=%2Fwp%2Fv2%2Fmedia&parent=7"}],"curies":[{"name":"wp","href":"https:\/\/api.w.org\/{rel}","templated":true}]}}